{"id":1036,"date":"2021-10-15T12:57:24","date_gmt":"2021-10-15T12:57:24","guid":{"rendered":"https:\/\/kairos-escapegame.com\/?page_id=1036"},"modified":"2025-12-11T11:45:09","modified_gmt":"2025-12-11T09:45:09","slug":"mentions-legales","status":"publish","type":"page","link":"https:\/\/kairos-escapegame.com\/en\/mentions-legales\/","title":{"rendered":"Legal information"},"content":{"rendered":"<div data-elementor-type=\"wp-page\" data-elementor-id=\"1036\" class=\"elementor elementor-1036\" data-elementor-post-type=\"page\">\n\t\t\t\t\t\t<section class=\"elementor-section elementor-top-section elementor-element elementor-element-a7564f5 elementor-section-boxed elementor-section-height-default elementor-section-height-default\" data-id=\"a7564f5\" data-element_type=\"section\" data-e-type=\"section\">\n\t\t\t\t\t\t<div class=\"elementor-container elementor-column-gap-default\">\n\t\t\t\t\t<div class=\"elementor-column elementor-col-100 elementor-top-column elementor-element elementor-element-502d617\" data-id=\"502d617\" data-element_type=\"column\" data-e-type=\"column\">\n\t\t\t<div class=\"elementor-widget-wrap elementor-element-populated\">\n\t\t\t\t\t\t<div class=\"elementor-element elementor-element-e367f4e elementor-widget elementor-widget-heading\" data-id=\"e367f4e\" data-element_type=\"widget\" data-e-type=\"widget\" data-widget_type=\"heading.default\">\n\t\t\t\t<div class=\"elementor-widget-container\">\n\t\t\t\t\t<h2 class=\"elementor-heading-title elementor-size-default\">Legal information<\/h2>\t\t\t\t<\/div>\n\t\t\t\t<\/div>\n\t\t\t\t<div class=\"elementor-element elementor-element-7721670 elementor-widget elementor-widget-text-editor\" data-id=\"7721670\" data-element_type=\"widget\" data-e-type=\"widget\" data-widget_type=\"text-editor.default\">\n\t\t\t\t<div class=\"elementor-widget-container\">\n\t\t\t\t\t\t\t\t\t<p><span style=\"font-weight: 400;\">The kairos-escapegame.com website is published by \"Kairos Escape Game\", a SAS KAIROS ESCAPE company with share capital of \u20ac90,000, whose registered office is located at 42 rue Sedaine 75011 Paris - telephone: 09 67 83 53 25.<\/span><\/p>\n<p><span style=\"font-weight: 400;\">- e-mail address: contact@kairos-escape.com, registered with the Paris Trade and Companies Register under number 818 404 717, represented by C\u00e9dric QUENTIN, in his capacity as legal representative.<\/span><\/p>\n<p><span style=\"font-weight: 400;\">Host (hereinafter referred to as the \"Host\") :<\/span><\/p>\n<p><span style=\"font-weight: 400;\">The https:\/\/kairos-escapegame.com.com\/ website is hosted by o2switch.<\/span><\/p>\n<p><span style=\"font-weight: 400;\">Director of publication :<\/span><\/p>\n<p><span style=\"font-weight: 400;\">C\u00e9dric QUENTIN<\/span><\/p>\n<p><span style=\"font-weight: 400;\">The kairos-escapegame.com website taken as a whole, as well as each of the elements that make it up taken independently, in particular programmes and specific developments and content including data, text, still or animated images, logos, sounds, graphics and files, are the exclusive property of the publisher or of third parties who have granted the publisher a licence. Any total or partial representation of the site or of any of its components without the express authorisation of the publisher is prohibited and would constitute an infringement punishable by articles L.335-2 et seq. of the French Intellectual Property Code.<\/span><\/p>\n<p><span style=\"font-weight: 400;\">The trademarks and logos appearing on the site are registered trademarks of the publisher or third parties. Any reproduction, imitation or use, in whole or in part, of these distinctive signs without express authorisation and in violation of the prohibitions set out in articles L.713-2 et seq. of the French Intellectual Property Code shall render the author liable.<\/span><\/p>\n<p><span style=\"font-weight: 400;\">Other distinctive signs, in particular corporate names, trade names, brand names and domain names reproduced on the site are the property of the publisher or third parties and any reproduction without express authorisation is likely to constitute usurpation for which the author is liable under article 1382 of the French Civil Code.<\/span><\/p>\n<h2>&nbsp;<\/h2>\n<h2><span style=\"font-weight: 400;\">Site management<\/span><\/h2>\n<p><span style=\"font-weight: 400;\">For the proper management of the site, the publisher may at any time :<\/span><\/p>\n<p><span style=\"font-weight: 400;\">- Suspend, interrupt or limit access to all or part of the site, or restrict access to the site, or to certain parts of the site, to a specific category of Internet users;<\/span><\/p>\n<p><span style=\"font-weight: 400;\">- Delete any information that could disrupt its operation or contravene national or international laws;<\/span><\/p>\n<p><span style=\"font-weight: 400;\">Suspend the site in order to carry out updates.<\/span><\/p>\n<h2><span style=\"font-weight: 400;\">Responsibilities<\/span><\/h2>\n<p><span style=\"font-weight: 400;\">The publisher undertakes to make every effort to ensure that users can access the site at all times. However, it cannot be held responsible if the site is unavailable for any reason whatsoever.<\/span><\/p>\n<p><span style=\"font-weight: 400;\">Users of the site acknowledge that they have read this legal notice and undertake to comply with it.<\/span><\/p>\n<p><span style=\"font-weight: 400;\">Users acknowledge that they have the skills and resources required to access and use the site, and that they have checked that the computer configuration used does not contain any viruses and is in perfect working order.<\/span><\/p>\n<p><span style=\"font-weight: 400;\">The publisher cannot guarantee the accuracy and completeness of the information published on its site, nor can it guarantee that it will always function properly or that it will be completely secure.<\/span><\/p>\n<p><span style=\"font-weight: 400;\">The publisher makes every effort to provide users with available and verified information and tools, but cannot be held responsible for errors, lack of availability of information and\/or the presence of viruses or other logical infections on its site.<\/span><\/p><p><span style=\"font-weight: 400;\">Users acknowledge that they use the information and tools available on the site under their sole responsibility.<\/span><\/p>\n<p><span style=\"font-weight: 400;\">&nbsp;<\/span><\/p>\n<h2><span style=\"font-weight: 400;\">Hypertext links<\/span><\/h2>\n<p><span style=\"font-weight: 400;\">Users wishing to set up hypertext links to all or part of the site must receive the publisher's express prior authorisation. Any link must be withdrawn at the publisher's request.<\/span><\/p>\n<p><span style=\"font-weight: 400;\">&nbsp;<\/span><\/p>\n<h2><span style=\"font-weight: 400;\">DROIT applicable<\/span><\/h2>\n<p><span style=\"font-weight: 400;\">Les conditions g\u00e9n\u00e9rales de ventes, ainsi que et tout contrat conclu incorporant ces termes et conditions sont r\u00e9gis par le droit fran\u00e7ais. En cas de litige, les tribunaux fran\u00e7ais sont seuls comp\u00e9tents.<br>En cas de diff\u00e9rend ou de r\u00e9clamation, nous vous invitons \u00e0 nous contacter en priorit\u00e9 afin de rechercher une solution amiable. Conform\u00e9ment aux articles L.612-1<br>et suivants du Code de la consommation, vous pouvez \u00e9galement recourir gratuitement au m\u00e9diateur de la consommation dont nous relevons de MTV.Travel \u2013 M\u00e9diation Tourisme et Voyage.<br>Pour soumettre votre litige au m\u00e9diateur, vous pouvez :<br>&#8211; Soit remplir&nbsp;<\/span><a href=\"http:\/\/www.mtv.travel\/index.php?page=saisine-du-mediateur\" target=\"_blank\" rel=\"noopener\">le formulaire en ligne<\/a><span style=\"font-weight: 400;\"><br>&#8211; Soit envoyer votre demande par courrier simple ou recommand\u00e9 \u00e0 l\u2019adresse :<br>MTV M\u00e9diation Tourisme Voyage &#8211; BP 80 303 &#8211; 75 823 Paris Cedex 17<\/span><\/p>\n<p><span style=\"font-weight: 400;\">&nbsp;<\/span><\/p>\n<h2><span style=\"font-weight: 400;\">Modification<\/span><\/h2>\n<p><span style=\"font-weight: 400;\">The publisher reserves the right to modify the content of this legal notice at any time and without prior notice. Users are therefore invited to consult it regularly.<\/span><\/p>\n<p><span style=\"font-weight: 400;\">&nbsp;<\/span><\/p>\n<h2><span style=\"font-weight: 400;\">Contact us<\/span><\/h2>\n<p><span style=\"font-weight: 400;\">If you have any questions or require information about the site, please send a message to the following address: contact@kairos-escape.com.<\/span><\/p>\t\t\t\t\t\t\t\t<\/div>\n\t\t\t\t<\/div>\n\t\t\t\t\t<\/div>\n\t\t<\/div>\n\t\t\t\t\t<\/div>\n\t\t<\/section>\n\t\t\t\t<\/div>","protected":false},"excerpt":{"rendered":"<p>Mentions l\u00e9gales Le site kairos-escapegame.com est \u00e9dit\u00e9 par la soci\u00e9t\u00e9 \u00ab Kairos Escape Game \u00bb, soci\u00e9t\u00e9 SAS KAIROS ESCAPE au capital social de 90 000 \u20ac, dont le si\u00e8ge social est situ\u00e9 42 rue Sedaine 75011 Paris \u2013 t\u00e9l\u00e9phone : 09 67 83 53 25 \u2013 adresse de courrier \u00e9lectronique : contact@kairos-escape.com, immatricul\u00e9e au RCS [&hellip;]<\/p>\n","protected":false},"author":1,"featured_media":0,"parent":0,"menu_order":0,"comment_status":"closed","ping_status":"closed","template":"","meta":{"inline_featured_image":false,"footnotes":""},"class_list":["post-1036","page","type-page","status-publish","hentry"],"yoast_head":"<!-- This site is optimized with the Yoast SEO plugin v27.4 - https:\/\/yoast.com\/product\/yoast-seo-wordpress\/ -->\n<title>Mentions l\u00e9gales - KAIROS<\/title>\n<meta name=\"robots\" content=\"noindex,nofollow\" \/>\n<link rel=\"canonical\" href=\"https:\/\/kairos-escapegame.com\/en\/mentions-legales\/\" \/>\n<meta property=\"og:locale\" content=\"en_GB\" \/>\n<meta property=\"og:type\" content=\"article\" \/>\n<meta property=\"og:title\" content=\"Mentions l\u00e9gales - KAIROS\" \/>\n<meta property=\"og:description\" content=\"Mentions l\u00e9gales Le site kairos-escapegame.com est \u00e9dit\u00e9 par la soci\u00e9t\u00e9 \u00ab Kairos Escape Game \u00bb, soci\u00e9t\u00e9 SAS KAIROS ESCAPE au capital social de 90 000 \u20ac, dont le si\u00e8ge social est situ\u00e9 42 rue Sedaine 75011 Paris \u2013 t\u00e9l\u00e9phone : 09 67 83 53 25 \u2013 adresse de courrier \u00e9lectronique : contact@kairos-escape.com, immatricul\u00e9e au RCS [&hellip;]\" \/>\n<meta property=\"og:url\" content=\"https:\/\/kairos-escapegame.com\/en\/mentions-legales\/\" \/>\n<meta property=\"og:site_name\" content=\"KAIROS\" \/>\n<meta property=\"article:publisher\" content=\"https:\/\/www.facebook.com\/kairosescapegame\/\" \/>\n<meta property=\"article:modified_time\" content=\"2025-12-11T09:45:09+00:00\" \/>\n<meta property=\"og:image\" content=\"https:\/\/kairos-escapegame.com\/wp-content\/uploads\/2022\/06\/logo-kairos.jpg\" \/>\n\t<meta property=\"og:image:width\" content=\"457\" \/>\n\t<meta property=\"og:image:height\" content=\"200\" \/>\n\t<meta property=\"og:image:type\" content=\"image\/jpeg\" \/>\n<meta name=\"twitter:card\" content=\"summary_large_image\" \/>\n<meta name=\"twitter:site\" content=\"@kairosescape\" \/>\n<meta name=\"twitter:label1\" content=\"Estimated reading time\" \/>\n\t<meta name=\"twitter:data1\" content=\"4 minutes\" \/>\n<script type=\"application\/ld+json\" class=\"yoast-schema-graph\">{\"@context\":\"https:\\\/\\\/schema.org\",\"@graph\":[{\"@type\":\"WebPage\",\"@id\":\"https:\\\/\\\/kairos-escapegame.com\\\/mentions-legales\\\/\",\"url\":\"https:\\\/\\\/kairos-escapegame.com\\\/mentions-legales\\\/\",\"name\":\"Mentions l\u00e9gales - KAIROS\",\"isPartOf\":{\"@id\":\"https:\\\/\\\/kairos-escapegame.com\\\/#website\"},\"datePublished\":\"2021-10-15T12:57:24+00:00\",\"dateModified\":\"2025-12-11T09:45:09+00:00\",\"breadcrumb\":{\"@id\":\"https:\\\/\\\/kairos-escapegame.com\\\/mentions-legales\\\/#breadcrumb\"},\"inLanguage\":\"en-GB\",\"potentialAction\":[{\"@type\":\"ReadAction\",\"target\":[\"https:\\\/\\\/kairos-escapegame.com\\\/mentions-legales\\\/\"]}]},{\"@type\":\"BreadcrumbList\",\"@id\":\"https:\\\/\\\/kairos-escapegame.com\\\/mentions-legales\\\/#breadcrumb\",\"itemListElement\":[{\"@type\":\"ListItem\",\"position\":1,\"name\":\"Accueil\",\"item\":\"https:\\\/\\\/kairos-escapegame.com\\\/\"},{\"@type\":\"ListItem\",\"position\":2,\"name\":\"Mentions l\u00e9gales\"}]},{\"@type\":\"WebSite\",\"@id\":\"https:\\\/\\\/kairos-escapegame.com\\\/#website\",\"url\":\"https:\\\/\\\/kairos-escapegame.com\\\/\",\"name\":\"KAIROS\",\"description\":\"Traversez les couloirs du temps et devenez agent secret le temps d&#039;une heure. D\u00e9couvrez nos missions d&#039;escape game proche de Bastille \u00e0 Paris.\",\"publisher\":{\"@id\":\"https:\\\/\\\/kairos-escapegame.com\\\/#organization\"},\"potentialAction\":[{\"@type\":\"SearchAction\",\"target\":{\"@type\":\"EntryPoint\",\"urlTemplate\":\"https:\\\/\\\/kairos-escapegame.com\\\/?s={search_term_string}\"},\"query-input\":{\"@type\":\"PropertyValueSpecification\",\"valueRequired\":true,\"valueName\":\"search_term_string\"}}],\"inLanguage\":\"en-GB\"},{\"@type\":\"Organization\",\"@id\":\"https:\\\/\\\/kairos-escapegame.com\\\/#organization\",\"name\":\"Kairos Escape Game\",\"url\":\"https:\\\/\\\/kairos-escapegame.com\\\/\",\"logo\":{\"@type\":\"ImageObject\",\"inLanguage\":\"en-GB\",\"@id\":\"https:\\\/\\\/kairos-escapegame.com\\\/#\\\/schema\\\/logo\\\/image\\\/\",\"url\":\"https:\\\/\\\/kairos-escapegame.com\\\/wp-content\\\/uploads\\\/2022\\\/05\\\/logo_kairos.svg\",\"contentUrl\":\"https:\\\/\\\/kairos-escapegame.com\\\/wp-content\\\/uploads\\\/2022\\\/05\\\/logo_kairos.svg\",\"width\":472,\"height\":153,\"caption\":\"Kairos Escape Game\"},\"image\":{\"@id\":\"https:\\\/\\\/kairos-escapegame.com\\\/#\\\/schema\\\/logo\\\/image\\\/\"},\"sameAs\":[\"https:\\\/\\\/www.facebook.com\\\/kairosescapegame\\\/\",\"https:\\\/\\\/x.com\\\/kairosescape\",\"https:\\\/\\\/www.instagram.com\\\/kairos_escapegame\\\/\"]}]}<\/script>\n<!-- \/ Yoast SEO plugin. -->","yoast_head_json":{"title":"Mentions l\u00e9gales - KAIROS","robots":{"index,nofollow":"noindex,nofollow"},"canonical":"https:\/\/kairos-escapegame.com\/en\/mentions-legales\/","og_locale":"en_GB","og_type":"article","og_title":"Mentions l\u00e9gales - KAIROS","og_description":"Mentions l\u00e9gales Le site kairos-escapegame.com est \u00e9dit\u00e9 par la soci\u00e9t\u00e9 \u00ab Kairos Escape Game \u00bb, soci\u00e9t\u00e9 SAS KAIROS ESCAPE au capital social de 90 000 \u20ac, dont le si\u00e8ge social est situ\u00e9 42 rue Sedaine 75011 Paris \u2013 t\u00e9l\u00e9phone : 09 67 83 53 25 \u2013 adresse de courrier \u00e9lectronique : contact@kairos-escape.com, immatricul\u00e9e au RCS [&hellip;]","og_url":"https:\/\/kairos-escapegame.com\/en\/mentions-legales\/","og_site_name":"KAIROS","article_publisher":"https:\/\/www.facebook.com\/kairosescapegame\/","article_modified_time":"2025-12-11T09:45:09+00:00","og_image":[{"width":457,"height":200,"url":"https:\/\/kairos-escapegame.com\/wp-content\/uploads\/2022\/06\/logo-kairos.jpg","type":"image\/jpeg"}],"twitter_card":"summary_large_image","twitter_site":"@kairosescape","twitter_misc":{"Estimated reading time":"4 minutes"},"schema":{"@context":"https:\/\/schema.org","@graph":[{"@type":"WebPage","@id":"https:\/\/kairos-escapegame.com\/mentions-legales\/","url":"https:\/\/kairos-escapegame.com\/mentions-legales\/","name":"Mentions l\u00e9gales - KAIROS","isPartOf":{"@id":"https:\/\/kairos-escapegame.com\/#website"},"datePublished":"2021-10-15T12:57:24+00:00","dateModified":"2025-12-11T09:45:09+00:00","breadcrumb":{"@id":"https:\/\/kairos-escapegame.com\/mentions-legales\/#breadcrumb"},"inLanguage":"en-GB","potentialAction":[{"@type":"ReadAction","target":["https:\/\/kairos-escapegame.com\/mentions-legales\/"]}]},{"@type":"BreadcrumbList","@id":"https:\/\/kairos-escapegame.com\/mentions-legales\/#breadcrumb","itemListElement":[{"@type":"ListItem","position":1,"name":"Accueil","item":"https:\/\/kairos-escapegame.com\/"},{"@type":"ListItem","position":2,"name":"Mentions l\u00e9gales"}]},{"@type":"WebSite","@id":"https:\/\/kairos-escapegame.com\/#website","url":"https:\/\/kairos-escapegame.com\/","name":"KAIROS","description":"Cross the corridors of time and become a secret agent for an hour. Discover our escape game missions near Bastille in Paris.","publisher":{"@id":"https:\/\/kairos-escapegame.com\/#organization"},"potentialAction":[{"@type":"SearchAction","target":{"@type":"EntryPoint","urlTemplate":"https:\/\/kairos-escapegame.com\/?s={search_term_string}"},"query-input":{"@type":"PropertyValueSpecification","valueRequired":true,"valueName":"search_term_string"}}],"inLanguage":"en-GB"},{"@type":"Organization","@id":"https:\/\/kairos-escapegame.com\/#organization","name":"Kairos Escape Game","url":"https:\/\/kairos-escapegame.com\/","logo":{"@type":"ImageObject","inLanguage":"en-GB","@id":"https:\/\/kairos-escapegame.com\/#\/schema\/logo\/image\/","url":"https:\/\/kairos-escapegame.com\/wp-content\/uploads\/2022\/05\/logo_kairos.svg","contentUrl":"https:\/\/kairos-escapegame.com\/wp-content\/uploads\/2022\/05\/logo_kairos.svg","width":472,"height":153,"caption":"Kairos Escape Game"},"image":{"@id":"https:\/\/kairos-escapegame.com\/#\/schema\/logo\/image\/"},"sameAs":["https:\/\/www.facebook.com\/kairosescapegame\/","https:\/\/x.com\/kairosescape","https:\/\/www.instagram.com\/kairos_escapegame\/"]}]}},"_links":{"self":[{"href":"https:\/\/kairos-escapegame.com\/en\/wp-json\/wp\/v2\/pages\/1036","targetHints":{"allow":["GET"]}}],"collection":[{"href":"https:\/\/kairos-escapegame.com\/en\/wp-json\/wp\/v2\/pages"}],"about":[{"href":"https:\/\/kairos-escapegame.com\/en\/wp-json\/wp\/v2\/types\/page"}],"author":[{"embeddable":true,"href":"https:\/\/kairos-escapegame.com\/en\/wp-json\/wp\/v2\/users\/1"}],"replies":[{"embeddable":true,"href":"https:\/\/kairos-escapegame.com\/en\/wp-json\/wp\/v2\/comments?post=1036"}],"version-history":[{"count":9,"href":"https:\/\/kairos-escapegame.com\/en\/wp-json\/wp\/v2\/pages\/1036\/revisions"}],"predecessor-version":[{"id":115449,"href":"https:\/\/kairos-escapegame.com\/en\/wp-json\/wp\/v2\/pages\/1036\/revisions\/115449"}],"wp:attachment":[{"href":"https:\/\/kairos-escapegame.com\/en\/wp-json\/wp\/v2\/media?parent=1036"}],"curies":[{"name":"wp","href":"https:\/\/api.w.org\/{rel}","templated":true}]}}