{"id":1373,"date":"2021-10-19T15:35:01","date_gmt":"2021-10-19T15:35:01","guid":{"rendered":"https:\/\/kairos-escapegame.com\/?page_id=1373"},"modified":"2024-09-23T12:50:10","modified_gmt":"2024-09-23T10:50:10","slug":"licence","status":"publish","type":"page","link":"https:\/\/kairos-escapegame.com\/en\/licence\/","title":{"rendered":"Licence"},"content":{"rendered":"<div data-elementor-type=\"wp-page\" data-elementor-id=\"1373\" class=\"elementor elementor-1373\" data-elementor-post-type=\"page\">\n\t\t\t\t\t\t<section class=\"elementor-section elementor-top-section elementor-element elementor-element-2a9cbdc4 envato-kit-141-top-0 elementor-section-boxed elementor-section-height-default elementor-section-height-default\" data-id=\"2a9cbdc4\" data-element_type=\"section\" data-e-type=\"section\" data-settings=\"{&quot;background_background&quot;:&quot;classic&quot;}\">\n\t\t\t\t\t\t\t<div class=\"elementor-background-overlay\"><\/div>\n\t\t\t\t\t\t\t<div class=\"elementor-container elementor-column-gap-wider\">\n\t\t\t\t\t<div class=\"elementor-column elementor-col-50 elementor-top-column elementor-element elementor-element-4a80e22f\" data-id=\"4a80e22f\" data-element_type=\"column\" data-e-type=\"column\">\n\t\t\t<div class=\"elementor-widget-wrap elementor-element-populated\">\n\t\t\t\t\t\t<div class=\"elementor-element elementor-element-7b415ac6 elementor-widget elementor-widget-heading\" data-id=\"7b415ac6\" data-element_type=\"widget\" data-e-type=\"widget\" data-widget_type=\"heading.default\">\n\t\t\t\t<div class=\"elementor-widget-container\">\n\t\t\t\t\t<h1 class=\"elementor-heading-title elementor-size-default\">escape game Licence<\/h1>\t\t\t\t<\/div>\n\t\t\t\t<\/div>\n\t\t\t\t<div class=\"elementor-element elementor-element-47d9f7bd elementor-widget elementor-widget-heading\" data-id=\"47d9f7bd\" data-element_type=\"widget\" data-e-type=\"widget\" data-widget_type=\"heading.default\">\n\t\t\t\t<div class=\"elementor-widget-container\">\n\t\t\t\t\t<h2 class=\"elementor-heading-title elementor-size-default\">Open a kairos franchise<\/h2>\t\t\t\t<\/div>\n\t\t\t\t<\/div>\n\t\t\t\t<div class=\"elementor-element elementor-element-467378ba elementor-widget-divider--view-line elementor-widget elementor-widget-divider\" data-id=\"467378ba\" data-element_type=\"widget\" data-e-type=\"widget\" data-widget_type=\"divider.default\">\n\t\t\t\t<div class=\"elementor-widget-container\">\n\t\t\t\t\t\t\t<div class=\"elementor-divider\">\n\t\t\t<span class=\"elementor-divider-separator\">\n\t\t\t\t\t\t<\/span>\n\t\t<\/div>\n\t\t\t\t\t\t<\/div>\n\t\t\t\t<\/div>\n\t\t\t\t<div class=\"elementor-element elementor-element-35129596 elementor-widget elementor-widget-heading\" data-id=\"35129596\" data-element_type=\"widget\" data-e-type=\"widget\" data-widget_type=\"heading.default\">\n\t\t\t\t<div class=\"elementor-widget-container\">\n\t\t\t\t\t<h2 class=\"elementor-heading-title elementor-size-default\">Open your own escape game and benefit from the expertise of Kairos!<\/h2>\t\t\t\t<\/div>\n\t\t\t\t<\/div>\n\t\t\t\t<section class=\"elementor-section elementor-inner-section elementor-element elementor-element-ea1a87b elementor-section-boxed elementor-section-height-default elementor-section-height-default elementor-invisible\" data-id=\"ea1a87b\" data-element_type=\"section\" data-e-type=\"section\" data-settings=\"{&quot;animation&quot;:&quot;fadeIn&quot;,&quot;animation_delay&quot;:300}\">\n\t\t\t\t\t\t<div class=\"elementor-container elementor-column-gap-no\">\n\t\t\t\t\t<div class=\"elementor-column elementor-col-100 elementor-inner-column elementor-element elementor-element-45489f6a\" data-id=\"45489f6a\" data-element_type=\"column\" data-e-type=\"column\">\n\t\t\t<div class=\"elementor-widget-wrap elementor-element-populated\">\n\t\t\t\t\t\t<div class=\"elementor-element elementor-element-604ec060 elementor-widget elementor-widget-text-editor\" data-id=\"604ec060\" data-element_type=\"widget\" data-e-type=\"widget\" data-widget_type=\"text-editor.default\">\n\t\t\t\t<div class=\"elementor-widget-container\">\n\t\t\t\t\t\t\t\t\t<p>Would you like to embark on an incredible adventure and open an escape game in your town? Would you like to make a long-term investment in a world based on entertainment and human contact, offering unforgettable experiences? We'll give you all the keys you need to get started!<\/p>\t\t\t\t\t\t\t\t<\/div>\n\t\t\t\t<\/div>\n\t\t\t\t\t<\/div>\n\t\t<\/div>\n\t\t\t\t\t<\/div>\n\t\t<\/section>\n\t\t\t\t<section class=\"elementor-section elementor-inner-section elementor-element elementor-element-7620e727 elementor-section-boxed elementor-section-height-default elementor-section-height-default elementor-invisible\" data-id=\"7620e727\" data-element_type=\"section\" data-e-type=\"section\" data-settings=\"{&quot;animation&quot;:&quot;fadeIn&quot;,&quot;animation_delay&quot;:300}\">\n\t\t\t\t\t\t<div class=\"elementor-container elementor-column-gap-no\">\n\t\t\t\t\t<div class=\"elementor-column elementor-col-100 elementor-inner-column elementor-element elementor-element-294d371a\" data-id=\"294d371a\" data-element_type=\"column\" data-e-type=\"column\">\n\t\t\t<div class=\"elementor-widget-wrap elementor-element-populated\">\n\t\t\t\t\t\t<div class=\"elementor-element elementor-element-3aec2216 elementor-widget elementor-widget-heading\" data-id=\"3aec2216\" data-element_type=\"widget\" data-e-type=\"widget\" data-widget_type=\"heading.default\">\n\t\t\t\t<div class=\"elementor-widget-container\">\n\t\t\t\t\t<h2 class=\"elementor-heading-title elementor-size-default\">The added value of Kairos Escape Game<\/h2>\t\t\t\t<\/div>\n\t\t\t\t<\/div>\n\t\t\t\t<div class=\"elementor-element elementor-element-ccf9450 elementor-widget elementor-widget-text-editor\" data-id=\"ccf9450\" data-element_type=\"widget\" data-e-type=\"widget\" data-widget_type=\"text-editor.default\">\n\t\t\t\t<div class=\"elementor-widget-container\">\n\t\t\t\t\t\t\t\t\t<p>Kairos Escape Game offers you the chance to take advantage of a trendy and lucrative leisure activity with the support of a trusted brand.<br \/>With its strong identity, Kairos Escape Game is more than just an escape game. Thanks to our in-depth storytelling, every player will have an experience as soon as they walk through the door of your establishment. They'll be given special care and immersed in the world we've built together.<\/p>\t\t\t\t\t\t\t\t<\/div>\n\t\t\t\t<\/div>\n\t\t\t\t\t<\/div>\n\t\t<\/div>\n\t\t\t\t\t<\/div>\n\t\t<\/section>\n\t\t\t\t\t<\/div>\n\t\t<\/div>\n\t\t\t\t<div class=\"elementor-column elementor-col-50 elementor-top-column elementor-element elementor-element-675e8495\" data-id=\"675e8495\" data-element_type=\"column\" data-e-type=\"column\">\n\t\t\t<div class=\"elementor-widget-wrap elementor-element-populated\">\n\t\t\t\t\t\t<div class=\"elementor-element elementor-element-177e7a76 elementor-invisible elementor-widget elementor-widget-image\" data-id=\"177e7a76\" data-element_type=\"widget\" data-e-type=\"widget\" data-settings=\"{&quot;_animation&quot;:&quot;fadeIn&quot;,&quot;_animation_delay&quot;:350}\" data-widget_type=\"image.default\">\n\t\t\t\t<div class=\"elementor-widget-container\">\n\t\t\t\t\t\t\t\t\t\t\t\t\t\t\t<img decoding=\"async\" src=\"https:\/\/kairos-escapegame.com\/wp-content\/uploads\/elementor\/thumbs\/jean-philippe-delberghe-660138-unsplash-pps4wd9oa2ya262hgx1uzun59qs0jzdjwiibuc5uc2.jpg\" title=\"jean-philippe-delberghe-660138-unsplash.jpg\" alt=\"jean-philippe-delberghe-660138-unsplash.jpg\" loading=\"lazy\" \/>\t\t\t\t\t\t\t\t\t\t\t\t\t\t\t<\/div>\n\t\t\t\t<\/div>\n\t\t\t\t<div class=\"elementor-element elementor-element-8c63df6 elementor-widget elementor-widget-heading\" data-id=\"8c63df6\" data-element_type=\"widget\" data-e-type=\"widget\" data-widget_type=\"heading.default\">\n\t\t\t\t<div class=\"elementor-widget-container\">\n\t\t\t\t\t<h2 class=\"elementor-heading-title elementor-size-default\">Take advantage of the visibility of a brand recognised by the general public<\/h2>\t\t\t\t<\/div>\n\t\t\t\t<\/div>\n\t\t\t\t<div class=\"elementor-element elementor-element-94155ea elementor-widget elementor-widget-text-editor\" data-id=\"94155ea\" data-element_type=\"widget\" data-e-type=\"widget\" data-widget_type=\"text-editor.default\">\n\t\t\t\t<div class=\"elementor-widget-container\">\n\t\t\t\t\t\t\t\t\t<ul><li>Film production sets renowned for their ultra-immersive quality<\/li><li>Personalised support at every stage<\/li><li>Booking centre<\/li><li>Marketing and digital communications<\/li><li>Reworking of a theme or original creation<\/li><li>A secure, viable investment for a fun, human adventure<\/li><\/ul>\t\t\t\t\t\t\t\t<\/div>\n\t\t\t\t<\/div>\n\t\t\t\t<div class=\"elementor-element elementor-element-055d4bf elementor-align-center elementor-widget elementor-widget-button\" data-id=\"055d4bf\" data-element_type=\"widget\" data-e-type=\"widget\" data-widget_type=\"button.default\">\n\t\t\t\t<div class=\"elementor-widget-container\">\n\t\t\t\t\t\t\t\t\t<div class=\"elementor-button-wrapper\">\n\t\t\t\t\t<a class=\"elementor-button elementor-button-link elementor-size-sm\" href=\"mailto:contact@kairos-escape.com\">\n\t\t\t\t\t\t<span class=\"elementor-button-content-wrapper\">\n\t\t\t\t\t\t\t\t\t<span class=\"elementor-button-text\">Contact us<\/span>\n\t\t\t\t\t<\/span>\n\t\t\t\t\t<\/a>\n\t\t\t\t<\/div>\n\t\t\t\t\t\t\t\t<\/div>\n\t\t\t\t<\/div>\n\t\t\t\t\t<\/div>\n\t\t<\/div>\n\t\t\t\t\t<\/div>\n\t\t<\/section>\n\t\t\t\t<\/div>","protected":false},"excerpt":{"rendered":"<p>escape game Licence Ouvrir une franchise kairos Ouvrez votre escape game en b\u00e9n\u00e9ficiant du savoir faire de Kairos ! Vous souhaitez vous lancer dans une aventure incroyable et ouvrir un escape game dans votre ville ? R\u00e9aliser un investissement p\u00e9renne dans un univers bas\u00e9 sur l\u2019entertainment et le contact humain pour faire vivre des exp\u00e9riences [&hellip;]<\/p>\n","protected":false},"author":1,"featured_media":0,"parent":0,"menu_order":0,"comment_status":"closed","ping_status":"closed","template":"","meta":{"inline_featured_image":false,"footnotes":""},"class_list":["post-1373","page","type-page","status-publish","hentry"],"yoast_head":"<!-- This site is optimized with the Yoast SEO plugin v27.4 - https:\/\/yoast.com\/product\/yoast-seo-wordpress\/ -->\n<title>Licence Escape Game - Kairos<\/title>\n<meta name=\"description\" content=\"Ouvrez une licence escape game Kairos et surfer sur un loisir tendance et lucratif en \u00e9tant accompagn\u00e9 par une enseigne de confiance.\" \/>\n<meta name=\"robots\" content=\"noindex,nofollow\" \/>\n<link rel=\"canonical\" href=\"https:\/\/kairos-escapegame.com\/en\/licence\/\" \/>\n<meta property=\"og:locale\" content=\"en_GB\" \/>\n<meta property=\"og:type\" content=\"article\" \/>\n<meta property=\"og:title\" content=\"Licence Escape Game - Kairos\" \/>\n<meta property=\"og:description\" content=\"Ouvrez une licence escape game Kairos et surfer sur un loisir tendance et lucratif en \u00e9tant accompagn\u00e9 par une enseigne de confiance.\" \/>\n<meta property=\"og:url\" content=\"https:\/\/kairos-escapegame.com\/en\/licence\/\" \/>\n<meta property=\"og:site_name\" content=\"KAIROS\" \/>\n<meta property=\"article:publisher\" content=\"https:\/\/www.facebook.com\/kairosescapegame\/\" \/>\n<meta property=\"article:modified_time\" content=\"2024-09-23T10:50:10+00:00\" \/>\n<meta property=\"og:image\" content=\"https:\/\/kairos-escapegame.com\/wp-content\/uploads\/elementor\/thumbs\/jean-philippe-delberghe-660138-unsplash-pps4wd9oa2ya262hgx1uzun59qs0jzdjwiibuc5uc2.jpg\" \/>\n<meta name=\"twitter:card\" content=\"summary_large_image\" \/>\n<meta name=\"twitter:site\" content=\"@kairosescape\" \/>\n<meta name=\"twitter:label1\" content=\"Estimated reading time\" \/>\n\t<meta name=\"twitter:data1\" content=\"2 minutes\" \/>\n<script type=\"application\/ld+json\" class=\"yoast-schema-graph\">{\"@context\":\"https:\\\/\\\/schema.org\",\"@graph\":[{\"@type\":\"WebPage\",\"@id\":\"https:\\\/\\\/kairos-escapegame.com\\\/licence\\\/\",\"url\":\"https:\\\/\\\/kairos-escapegame.com\\\/licence\\\/\",\"name\":\"Licence Escape Game - Kairos\",\"isPartOf\":{\"@id\":\"https:\\\/\\\/kairos-escapegame.com\\\/#website\"},\"primaryImageOfPage\":{\"@id\":\"https:\\\/\\\/kairos-escapegame.com\\\/licence\\\/#primaryimage\"},\"image\":{\"@id\":\"https:\\\/\\\/kairos-escapegame.com\\\/licence\\\/#primaryimage\"},\"thumbnailUrl\":\"https:\\\/\\\/kairos-escapegame.com\\\/wp-content\\\/uploads\\\/elementor\\\/thumbs\\\/jean-philippe-delberghe-660138-unsplash-pps4wd9oa2ya262hgx1uzun59qs0jzdjwiibuc5uc2.jpg\",\"datePublished\":\"2021-10-19T15:35:01+00:00\",\"dateModified\":\"2024-09-23T10:50:10+00:00\",\"description\":\"Ouvrez une licence escape game Kairos et surfer sur un loisir tendance et lucratif en \u00e9tant accompagn\u00e9 par une enseigne de confiance.\",\"breadcrumb\":{\"@id\":\"https:\\\/\\\/kairos-escapegame.com\\\/licence\\\/#breadcrumb\"},\"inLanguage\":\"en-GB\",\"potentialAction\":[{\"@type\":\"ReadAction\",\"target\":[\"https:\\\/\\\/kairos-escapegame.com\\\/licence\\\/\"]}]},{\"@type\":\"ImageObject\",\"inLanguage\":\"en-GB\",\"@id\":\"https:\\\/\\\/kairos-escapegame.com\\\/licence\\\/#primaryimage\",\"url\":\"https:\\\/\\\/kairos-escapegame.com\\\/wp-content\\\/uploads\\\/elementor\\\/thumbs\\\/jean-philippe-delberghe-660138-unsplash-pps4wd9oa2ya262hgx1uzun59qs0jzdjwiibuc5uc2.jpg\",\"contentUrl\":\"https:\\\/\\\/kairos-escapegame.com\\\/wp-content\\\/uploads\\\/elementor\\\/thumbs\\\/jean-philippe-delberghe-660138-unsplash-pps4wd9oa2ya262hgx1uzun59qs0jzdjwiibuc5uc2.jpg\"},{\"@type\":\"BreadcrumbList\",\"@id\":\"https:\\\/\\\/kairos-escapegame.com\\\/licence\\\/#breadcrumb\",\"itemListElement\":[{\"@type\":\"ListItem\",\"position\":1,\"name\":\"Accueil\",\"item\":\"https:\\\/\\\/kairos-escapegame.com\\\/\"},{\"@type\":\"ListItem\",\"position\":2,\"name\":\"Licence\"}]},{\"@type\":\"WebSite\",\"@id\":\"https:\\\/\\\/kairos-escapegame.com\\\/#website\",\"url\":\"https:\\\/\\\/kairos-escapegame.com\\\/\",\"name\":\"KAIROS\",\"description\":\"Traversez les couloirs du temps et devenez agent secret le temps d&#039;une heure. D\u00e9couvrez nos missions d&#039;escape game proche de Bastille \u00e0 Paris.\",\"publisher\":{\"@id\":\"https:\\\/\\\/kairos-escapegame.com\\\/#organization\"},\"potentialAction\":[{\"@type\":\"SearchAction\",\"target\":{\"@type\":\"EntryPoint\",\"urlTemplate\":\"https:\\\/\\\/kairos-escapegame.com\\\/?s={search_term_string}\"},\"query-input\":{\"@type\":\"PropertyValueSpecification\",\"valueRequired\":true,\"valueName\":\"search_term_string\"}}],\"inLanguage\":\"en-GB\"},{\"@type\":\"Organization\",\"@id\":\"https:\\\/\\\/kairos-escapegame.com\\\/#organization\",\"name\":\"Kairos Escape Game\",\"url\":\"https:\\\/\\\/kairos-escapegame.com\\\/\",\"logo\":{\"@type\":\"ImageObject\",\"inLanguage\":\"en-GB\",\"@id\":\"https:\\\/\\\/kairos-escapegame.com\\\/#\\\/schema\\\/logo\\\/image\\\/\",\"url\":\"https:\\\/\\\/kairos-escapegame.com\\\/wp-content\\\/uploads\\\/2022\\\/05\\\/logo_kairos.svg\",\"contentUrl\":\"https:\\\/\\\/kairos-escapegame.com\\\/wp-content\\\/uploads\\\/2022\\\/05\\\/logo_kairos.svg\",\"width\":472,\"height\":153,\"caption\":\"Kairos Escape Game\"},\"image\":{\"@id\":\"https:\\\/\\\/kairos-escapegame.com\\\/#\\\/schema\\\/logo\\\/image\\\/\"},\"sameAs\":[\"https:\\\/\\\/www.facebook.com\\\/kairosescapegame\\\/\",\"https:\\\/\\\/x.com\\\/kairosescape\",\"https:\\\/\\\/www.instagram.com\\\/kairos_escapegame\\\/\"]}]}<\/script>\n<!-- \/ Yoast SEO plugin. -->","yoast_head_json":{"title":"Licence Escape Game - Kairos","description":"Ouvrez une licence escape game Kairos et surfer sur un loisir tendance et lucratif en \u00e9tant accompagn\u00e9 par une enseigne de confiance.","robots":{"index,nofollow":"noindex,nofollow"},"canonical":"https:\/\/kairos-escapegame.com\/en\/licence\/","og_locale":"en_GB","og_type":"article","og_title":"Licence Escape Game - Kairos","og_description":"Ouvrez une licence escape game Kairos et surfer sur un loisir tendance et lucratif en \u00e9tant accompagn\u00e9 par une enseigne de confiance.","og_url":"https:\/\/kairos-escapegame.com\/en\/licence\/","og_site_name":"KAIROS","article_publisher":"https:\/\/www.facebook.com\/kairosescapegame\/","article_modified_time":"2024-09-23T10:50:10+00:00","og_image":[{"url":"https:\/\/kairos-escapegame.com\/wp-content\/uploads\/elementor\/thumbs\/jean-philippe-delberghe-660138-unsplash-pps4wd9oa2ya262hgx1uzun59qs0jzdjwiibuc5uc2.jpg","type":"","width":"","height":""}],"twitter_card":"summary_large_image","twitter_site":"@kairosescape","twitter_misc":{"Estimated reading time":"2 minutes"},"schema":{"@context":"https:\/\/schema.org","@graph":[{"@type":"WebPage","@id":"https:\/\/kairos-escapegame.com\/licence\/","url":"https:\/\/kairos-escapegame.com\/licence\/","name":"Licence Escape Game - Kairos","isPartOf":{"@id":"https:\/\/kairos-escapegame.com\/#website"},"primaryImageOfPage":{"@id":"https:\/\/kairos-escapegame.com\/licence\/#primaryimage"},"image":{"@id":"https:\/\/kairos-escapegame.com\/licence\/#primaryimage"},"thumbnailUrl":"https:\/\/kairos-escapegame.com\/wp-content\/uploads\/elementor\/thumbs\/jean-philippe-delberghe-660138-unsplash-pps4wd9oa2ya262hgx1uzun59qs0jzdjwiibuc5uc2.jpg","datePublished":"2021-10-19T15:35:01+00:00","dateModified":"2024-09-23T10:50:10+00:00","description":"Ouvrez une licence escape game Kairos et surfer sur un loisir tendance et lucratif en \u00e9tant accompagn\u00e9 par une enseigne de confiance.","breadcrumb":{"@id":"https:\/\/kairos-escapegame.com\/licence\/#breadcrumb"},"inLanguage":"en-GB","potentialAction":[{"@type":"ReadAction","target":["https:\/\/kairos-escapegame.com\/licence\/"]}]},{"@type":"ImageObject","inLanguage":"en-GB","@id":"https:\/\/kairos-escapegame.com\/licence\/#primaryimage","url":"https:\/\/kairos-escapegame.com\/wp-content\/uploads\/elementor\/thumbs\/jean-philippe-delberghe-660138-unsplash-pps4wd9oa2ya262hgx1uzun59qs0jzdjwiibuc5uc2.jpg","contentUrl":"https:\/\/kairos-escapegame.com\/wp-content\/uploads\/elementor\/thumbs\/jean-philippe-delberghe-660138-unsplash-pps4wd9oa2ya262hgx1uzun59qs0jzdjwiibuc5uc2.jpg"},{"@type":"BreadcrumbList","@id":"https:\/\/kairos-escapegame.com\/licence\/#breadcrumb","itemListElement":[{"@type":"ListItem","position":1,"name":"Accueil","item":"https:\/\/kairos-escapegame.com\/"},{"@type":"ListItem","position":2,"name":"Licence"}]},{"@type":"WebSite","@id":"https:\/\/kairos-escapegame.com\/#website","url":"https:\/\/kairos-escapegame.com\/","name":"KAIROS","description":"Cross the corridors of time and become a secret agent for an hour. Discover our escape game missions near Bastille in Paris.","publisher":{"@id":"https:\/\/kairos-escapegame.com\/#organization"},"potentialAction":[{"@type":"SearchAction","target":{"@type":"EntryPoint","urlTemplate":"https:\/\/kairos-escapegame.com\/?s={search_term_string}"},"query-input":{"@type":"PropertyValueSpecification","valueRequired":true,"valueName":"search_term_string"}}],"inLanguage":"en-GB"},{"@type":"Organization","@id":"https:\/\/kairos-escapegame.com\/#organization","name":"Kairos Escape Game","url":"https:\/\/kairos-escapegame.com\/","logo":{"@type":"ImageObject","inLanguage":"en-GB","@id":"https:\/\/kairos-escapegame.com\/#\/schema\/logo\/image\/","url":"https:\/\/kairos-escapegame.com\/wp-content\/uploads\/2022\/05\/logo_kairos.svg","contentUrl":"https:\/\/kairos-escapegame.com\/wp-content\/uploads\/2022\/05\/logo_kairos.svg","width":472,"height":153,"caption":"Kairos Escape Game"},"image":{"@id":"https:\/\/kairos-escapegame.com\/#\/schema\/logo\/image\/"},"sameAs":["https:\/\/www.facebook.com\/kairosescapegame\/","https:\/\/x.com\/kairosescape","https:\/\/www.instagram.com\/kairos_escapegame\/"]}]}},"_links":{"self":[{"href":"https:\/\/kairos-escapegame.com\/en\/wp-json\/wp\/v2\/pages\/1373","targetHints":{"allow":["GET"]}}],"collection":[{"href":"https:\/\/kairos-escapegame.com\/en\/wp-json\/wp\/v2\/pages"}],"about":[{"href":"https:\/\/kairos-escapegame.com\/en\/wp-json\/wp\/v2\/types\/page"}],"author":[{"embeddable":true,"href":"https:\/\/kairos-escapegame.com\/en\/wp-json\/wp\/v2\/users\/1"}],"replies":[{"embeddable":true,"href":"https:\/\/kairos-escapegame.com\/en\/wp-json\/wp\/v2\/comments?post=1373"}],"version-history":[{"count":3,"href":"https:\/\/kairos-escapegame.com\/en\/wp-json\/wp\/v2\/pages\/1373\/revisions"}],"predecessor-version":[{"id":115062,"href":"https:\/\/kairos-escapegame.com\/en\/wp-json\/wp\/v2\/pages\/1373\/revisions\/115062"}],"wp:attachment":[{"href":"https:\/\/kairos-escapegame.com\/en\/wp-json\/wp\/v2\/media?parent=1373"}],"curies":[{"name":"wp","href":"https:\/\/api.w.org\/{rel}","templated":true}]}}